{"id":960,"date":"2024-09-11T10:59:23","date_gmt":"2024-09-11T14:59:23","guid":{"rendered":"https:\/\/icfrome.org\/?page_id=960"},"modified":"2026-01-03T11:38:03","modified_gmt":"2026-01-03T10:38:03","slug":"youngadults","status":"publish","type":"page","link":"https:\/\/icfrome.org\/it\/ministries\/youngadults\/","title":{"rendered":"Ministero dei Giovani Adulti"},"content":{"rendered":"<div data-elementor-type=\"wp-page\" data-elementor-id=\"960\" class=\"elementor elementor-960\" data-elementor-post-type=\"page\">\n\t\t\t\t<div class=\"elementor-element elementor-element-288e311 e-flex e-con-boxed e-con e-parent\" data-id=\"288e311\" data-element_type=\"container\" data-e-type=\"container\" data-settings=\"{&quot;background_background&quot;:&quot;classic&quot;}\">\n\t\t\t\t\t<div class=\"e-con-inner\">\n\t\t\t\t<div class=\"elementor-element elementor-element-94012f0 animated-slow elementor-invisible elementor-widget elementor-widget-heading\" data-id=\"94012f0\" data-element_type=\"widget\" data-e-type=\"widget\" data-settings=\"{&quot;_animation&quot;:&quot;fadeInDown&quot;}\" data-widget_type=\"heading.default\">\n\t\t\t\t\t<h1 class=\"elementor-heading-title elementor-size-default\">ICF Rome Young Adults<\/h1>\t\t\t\t<\/div>\n\t\t\t\t<div class=\"elementor-element elementor-element-787537a elementor-widget__width-inherit animated-slow elementor-invisible elementor-widget elementor-widget-heading\" data-id=\"787537a\" data-element_type=\"widget\" data-e-type=\"widget\" data-settings=\"{&quot;_animation&quot;:&quot;fadeInUp&quot;}\" data-widget_type=\"heading.default\">\n\t\t\t\t\t<p class=\"elementor-heading-title elementor-size-default\">Connettersi a Cristo &amp; alla comunit\u00e0 attraverso la fede, il divertimento &amp; la comunione<\/p>\t\t\t\t<\/div>\n\t\t\t\t\t<\/div>\n\t\t\t\t<\/div>\n\t\t<div class=\"elementor-element elementor-element-213c75f e-flex e-con-boxed e-con e-parent\" data-id=\"213c75f\" data-element_type=\"container\" data-e-type=\"container\" data-settings=\"{&quot;background_background&quot;:&quot;classic&quot;}\">\n\t\t\t\t\t<div class=\"e-con-inner\">\n\t\t\t\t<div class=\"elementor-element elementor-element-e5b397c animated-slow elementor-widget__width-initial elementor-invisible elementor-widget elementor-widget-heading\" data-id=\"e5b397c\" data-element_type=\"widget\" data-e-type=\"widget\" data-settings=\"{&quot;_animation&quot;:&quot;fadeIn&quot;}\" data-widget_type=\"heading.default\">\n\t\t\t\t\t<h2 class=\"elementor-heading-title elementor-size-default\">I nostri giovani adulti ICF Roma sono definiti da 3 principi: fede, amicizia &amp; divertimento.<\/h2>\t\t\t\t<\/div>\n\t\t\t\t<div class=\"elementor-element elementor-element-63a1374 elementor-widget__width-inherit elementor-widget elementor-widget-heading\" data-id=\"63a1374\" data-element_type=\"widget\" data-e-type=\"widget\" data-widget_type=\"heading.default\">\n\t\t\t\t\t<p class=\"elementor-heading-title elementor-size-default\">Ci incontriamo durante tutto l\u2019anno per crescere insieme nei nostri cammini di fede, per socializzare gli uni con gli altri attraverso le attivit\u00e0 e per divertirci in tutto ci\u00f2 che facciamo perch\u00e9 qui all\u2019ICF Roma non viviamo la vita da soli. Dai un'occhiata agli eventi in arrivo qui sotto!<\/p>\t\t\t\t<\/div>\n\t\t\t\t\t<\/div>\n\t\t\t\t<\/div>\n\t\t<div class=\"elementor-element elementor-element-9b706d0 e-flex e-con-boxed e-con e-parent\" data-id=\"9b706d0\" data-element_type=\"container\" data-e-type=\"container\" data-settings=\"{&quot;background_background&quot;:&quot;classic&quot;}\">\n\t\t\t\t\t<div class=\"e-con-inner\">\n\t\t\t\t<div class=\"elementor-element elementor-element-1868ec4 e-n-tabs-none elementor-widget elementor-widget-n-tabs\" data-id=\"1868ec4\" data-element_type=\"widget\" data-e-type=\"widget\" data-settings=\"{&quot;horizontal_scroll_mobile&quot;:&quot;disable&quot;,&quot;horizontal_scroll&quot;:&quot;disable&quot;}\" data-widget_type=\"nested-tabs.default\">\n\t\t\t\t\t\t\t<div class=\"e-n-tabs\" data-widget-number=\"25595588\" aria-label=\"Tabs. Open items with Enter or Space, close with Escape and navigate using the Arrow keys.\">\n\t\t\t<div class=\"e-n-tabs-heading\" role=\"tablist\">\n\t\t\t\t\t<button id=\"e-n-tab-title-255955881\" data-tab-title-id=\"e-n-tab-title-255955881\" class=\"e-n-tab-title\" aria-selected=\"true\" data-tab-index=\"1\" role=\"tab\" tabindex=\"0\" aria-controls=\"e-n-tab-content-255955881\" style=\"--n-tabs-title-order: 1;\">\n\t\t\t\t\t\t<span class=\"e-n-tab-title-text\">\n\t\t\t\tEventi per giovani adulti\t\t\t<\/span>\n\t\t<\/button>\n\t\t\t\t<button id=\"e-n-tab-title-255955882\" data-tab-title-id=\"e-n-tab-title-255955882\" class=\"e-n-tab-title\" aria-selected=\"false\" data-tab-index=\"2\" role=\"tab\" tabindex=\"-1\" aria-controls=\"e-n-tab-content-255955882\" style=\"--n-tabs-title-order: 2;\">\n\t\t\t\t\t\t<span class=\"e-n-tab-title-text\">\n\t\t\t\tTutti gli eventi della Chiesa\t\t\t<\/span>\n\t\t<\/button>\n\t\t\t\t\t<\/div>\n\t\t\t<div class=\"e-n-tabs-content\">\n\t\t\t\t<div id=\"e-n-tab-content-255955881\" role=\"tabpanel\" aria-labelledby=\"e-n-tab-title-255955881\" data-tab-index=\"1\" style=\"--n-tabs-title-order: 1;\" class=\"e-active elementor-element elementor-element-7d6e61f e-con-full e-flex e-con e-child\" data-id=\"7d6e61f\" data-element_type=\"container\" data-e-type=\"container\">\n\t\t\t\t<div class=\"elementor-element elementor-element-59a0d47 elementor-widget__width-inherit animated-slow elementor-invisible elementor-widget elementor-widget-html\" data-id=\"59a0d47\" data-element_type=\"widget\" data-e-type=\"widget\" data-settings=\"{&quot;_animation&quot;:&quot;fadeIn&quot;}\" data-widget_type=\"html.default\">\n\t\t\t\t\t<script src=\"https:\/\/icfrome.churchcenter.com\/assets\/calendar_embed.js\" data-view=\"gallery\" data-category=\"313855\" data-height=\"auto\"><\/script>\t\t\t\t<\/div>\n\t\t\t\t<\/div>\n\t\t<div id=\"e-n-tab-content-255955882\" role=\"tabpanel\" aria-labelledby=\"e-n-tab-title-255955882\" data-tab-index=\"2\" style=\"--n-tabs-title-order: 2;\" class=\"elementor-element elementor-element-3a6a0a3 e-con-full e-flex e-con e-child\" data-id=\"3a6a0a3\" data-element_type=\"container\" data-e-type=\"container\">\n\t\t\t\t<div class=\"elementor-element elementor-element-a4c4c38 elementor-widget__width-inherit animated-slow elementor-invisible elementor-widget elementor-widget-html\" data-id=\"a4c4c38\" data-element_type=\"widget\" data-e-type=\"widget\" data-settings=\"{&quot;_animation&quot;:&quot;fadeIn&quot;}\" data-widget_type=\"html.default\">\n\t\t\t\t\t<script src=\"https:\/\/icfrome.churchcenter.com\/assets\/calendar_embed.js\" data-view=\"gallery\" data-height=\"auto\"><\/script>\t\t\t\t<\/div>\n\t\t\t\t<\/div>\n\t\t\t\t\t<\/div>\n\t\t<\/div>\n\t\t\t\t\t\t<\/div>\n\t\t\t\t\t<\/div>\n\t\t\t\t<\/div>\n\t\t<div class=\"elementor-element elementor-element-0a54336 e-flex e-con-boxed e-con e-parent\" data-id=\"0a54336\" data-element_type=\"container\" data-e-type=\"container\" data-settings=\"{&quot;background_background&quot;:&quot;classic&quot;}\">\n\t\t\t\t\t<div class=\"e-con-inner\">\n\t\t\t\t<div class=\"elementor-element elementor-element-e13cbd9 elementor-widget elementor-widget-gallery\" data-id=\"e13cbd9\" data-element_type=\"widget\" data-e-type=\"widget\" data-settings=\"{&quot;gallery_layout&quot;:&quot;masonry&quot;,&quot;columns_tablet&quot;:3,&quot;columns&quot;:3,&quot;gap_mobile&quot;:{&quot;unit&quot;:&quot;px&quot;,&quot;size&quot;:8,&quot;sizes&quot;:[]},&quot;lazyload&quot;:&quot;yes&quot;,&quot;columns_mobile&quot;:1,&quot;gap&quot;:{&quot;unit&quot;:&quot;px&quot;,&quot;size&quot;:10,&quot;sizes&quot;:[]},&quot;gap_tablet&quot;:{&quot;unit&quot;:&quot;px&quot;,&quot;size&quot;:10,&quot;sizes&quot;:[]},&quot;link_to&quot;:&quot;file&quot;,&quot;overlay_background&quot;:&quot;yes&quot;,&quot;content_hover_animation&quot;:&quot;fade-in&quot;}\" data-widget_type=\"gallery.default\">\n\t\t\t\t\t\t\t<div class=\"elementor-gallery__container\">\n\t\t\t\t\t\t\t<a class=\"e-gallery-item elementor-gallery-item elementor-animated-content\" href=\"https:\/\/icfrome.org\/wp-content\/uploads\/2024\/09\/YA-3.webp\" data-elementor-open-lightbox=\"yes\" data-elementor-lightbox-slideshow=\"e13cbd9\" data-e-action-hash=\"#elementor-action%3Aaction%3Dlightbox%26settings%3DeyJpZCI6MTI2MywidXJsIjoiaHR0cHM6XC9cL2ljZnJvbWUub3JnXC93cC1jb250ZW50XC91cGxvYWRzXC8yMDI0XC8wOVwvWUEtMy53ZWJwIiwic2xpZGVzaG93IjoiZTEzY2JkOSJ9\">\n\t\t\t\t\t<div class=\"e-gallery-image elementor-gallery-item__image\" data-thumbnail=\"https:\/\/icfrome.org\/wp-content\/uploads\/2024\/09\/YA-3.webp\" data-width=\"683\" data-height=\"1024\" aria-label=\"\" role=\"img\" ><\/div>\n\t\t\t\t\t\t\t\t\t\t\t<div class=\"elementor-gallery-item__overlay\"><\/div>\n\t\t\t\t\t\t\t\t\t\t\t\t\t\t<\/a>\n\t\t\t\t\t\t\t<a class=\"e-gallery-item elementor-gallery-item elementor-animated-content\" href=\"https:\/\/icfrome.org\/wp-content\/uploads\/2024\/09\/YA-4.webp\" data-elementor-open-lightbox=\"yes\" data-elementor-lightbox-slideshow=\"e13cbd9\" data-e-action-hash=\"#elementor-action%3Aaction%3Dlightbox%26settings%3DeyJpZCI6MTI2MiwidXJsIjoiaHR0cHM6XC9cL2ljZnJvbWUub3JnXC93cC1jb250ZW50XC91cGxvYWRzXC8yMDI0XC8wOVwvWUEtNC53ZWJwIiwic2xpZGVzaG93IjoiZTEzY2JkOSJ9\">\n\t\t\t\t\t<div class=\"e-gallery-image elementor-gallery-item__image\" data-thumbnail=\"https:\/\/icfrome.org\/wp-content\/uploads\/2024\/09\/YA-4.webp\" data-width=\"800\" data-height=\"404\" aria-label=\"\" role=\"img\" ><\/div>\n\t\t\t\t\t\t\t\t\t\t\t<div class=\"elementor-gallery-item__overlay\"><\/div>\n\t\t\t\t\t\t\t\t\t\t\t\t\t\t<\/a>\n\t\t\t\t\t\t\t<a class=\"e-gallery-item elementor-gallery-item elementor-animated-content\" href=\"https:\/\/icfrome.org\/wp-content\/uploads\/2024\/09\/YA-1.webp\" data-elementor-open-lightbox=\"yes\" data-elementor-lightbox-slideshow=\"e13cbd9\" data-e-action-hash=\"#elementor-action%3Aaction%3Dlightbox%26settings%3DeyJpZCI6MTI2NSwidXJsIjoiaHR0cHM6XC9cL2ljZnJvbWUub3JnXC93cC1jb250ZW50XC91cGxvYWRzXC8yMDI0XC8wOVwvWUEtMS53ZWJwIiwic2xpZGVzaG93IjoiZTEzY2JkOSJ9\">\n\t\t\t\t\t<div class=\"e-gallery-image elementor-gallery-item__image\" data-thumbnail=\"https:\/\/icfrome.org\/wp-content\/uploads\/2024\/09\/YA-1.webp\" data-width=\"800\" data-height=\"600\" aria-label=\"\" role=\"img\" ><\/div>\n\t\t\t\t\t\t\t\t\t\t\t<div class=\"elementor-gallery-item__overlay\"><\/div>\n\t\t\t\t\t\t\t\t\t\t\t\t\t\t<\/a>\n\t\t\t\t\t\t\t<a class=\"e-gallery-item elementor-gallery-item elementor-animated-content\" href=\"https:\/\/icfrome.org\/wp-content\/uploads\/2024\/08\/Young-Adults-scaled.webp\" data-elementor-open-lightbox=\"yes\" data-elementor-lightbox-slideshow=\"e13cbd9\" data-e-action-hash=\"#elementor-action%3Aaction%3Dlightbox%26settings%3DeyJpZCI6MTIyMSwidXJsIjoiaHR0cHM6XC9cL2ljZnJvbWUub3JnXC93cC1jb250ZW50XC91cGxvYWRzXC8yMDI0XC8wOFwvWW91bmctQWR1bHRzLXNjYWxlZC53ZWJwIiwic2xpZGVzaG93IjoiZTEzY2JkOSJ9\">\n\t\t\t\t\t<div class=\"e-gallery-image elementor-gallery-item__image\" data-thumbnail=\"https:\/\/icfrome.org\/wp-content\/uploads\/2024\/08\/Young-Adults-scaled.webp\" data-width=\"768\" data-height=\"1024\" aria-label=\"\" role=\"img\" ><\/div>\n\t\t\t\t\t\t\t\t\t\t\t<div class=\"elementor-gallery-item__overlay\"><\/div>\n\t\t\t\t\t\t\t\t\t\t\t\t\t\t<\/a>\n\t\t\t\t\t\t\t<a class=\"e-gallery-item elementor-gallery-item elementor-animated-content\" href=\"https:\/\/icfrome.org\/wp-content\/uploads\/2024\/09\/YA-2.webp\" data-elementor-open-lightbox=\"yes\" data-elementor-lightbox-slideshow=\"e13cbd9\" data-e-action-hash=\"#elementor-action%3Aaction%3Dlightbox%26settings%3DeyJpZCI6MTI2NCwidXJsIjoiaHR0cHM6XC9cL2ljZnJvbWUub3JnXC93cC1jb250ZW50XC91cGxvYWRzXC8yMDI0XC8wOVwvWUEtMi53ZWJwIiwic2xpZGVzaG93IjoiZTEzY2JkOSJ9\">\n\t\t\t\t\t<div class=\"e-gallery-image elementor-gallery-item__image\" data-thumbnail=\"https:\/\/icfrome.org\/wp-content\/uploads\/2024\/09\/YA-2.webp\" data-width=\"800\" data-height=\"533\" aria-label=\"\" role=\"img\" ><\/div>\n\t\t\t\t\t\t\t\t\t\t\t<div class=\"elementor-gallery-item__overlay\"><\/div>\n\t\t\t\t\t\t\t\t\t\t\t\t\t\t<\/a>\n\t\t\t\t\t<\/div>\n\t\t\t\t\t<\/div>\n\t\t\t\t\t<\/div>\n\t\t\t\t<\/div>\n\t\t\t\t<\/div>","protected":false},"excerpt":{"rendered":"<p>ICF Rome Young Adults Connecting to Christ &amp; Community through Faith, Fun, &amp; Fellowship Our ICF Rome Young Adults are defined by 3 principles: Faith, Fellowship, &amp; Fun. We meet together throughout the year to grow together in our walks of faith, to fellowship with one another through activity, and to have fun in all [&hellip;]<\/p>\n","protected":false},"author":2,"featured_media":1265,"parent":560,"menu_order":11,"comment_status":"closed","ping_status":"closed","template":"","meta":{"footnotes":""},"class_list":["post-960","page","type-page","status-publish","has-post-thumbnail","hentry"],"_links":{"self":[{"href":"https:\/\/icfrome.org\/it\/wp-json\/wp\/v2\/pages\/960","targetHints":{"allow":["GET"]}}],"collection":[{"href":"https:\/\/icfrome.org\/it\/wp-json\/wp\/v2\/pages"}],"about":[{"href":"https:\/\/icfrome.org\/it\/wp-json\/wp\/v2\/types\/page"}],"author":[{"embeddable":true,"href":"https:\/\/icfrome.org\/it\/wp-json\/wp\/v2\/users\/2"}],"replies":[{"embeddable":true,"href":"https:\/\/icfrome.org\/it\/wp-json\/wp\/v2\/comments?post=960"}],"version-history":[{"count":0,"href":"https:\/\/icfrome.org\/it\/wp-json\/wp\/v2\/pages\/960\/revisions"}],"up":[{"embeddable":true,"href":"https:\/\/icfrome.org\/it\/wp-json\/wp\/v2\/pages\/560"}],"wp:featuredmedia":[{"embeddable":true,"href":"https:\/\/icfrome.org\/it\/wp-json\/wp\/v2\/media\/1265"}],"wp:attachment":[{"href":"https:\/\/icfrome.org\/it\/wp-json\/wp\/v2\/media?parent=960"}],"curies":[{"name":"wp","href":"https:\/\/api.w.org\/{rel}","templated":true}]}}